{"id":56881,"date":"2023-11-22T18:37:54","date_gmt":"2023-11-22T18:37:54","guid":{"rendered":"https:\/\/hk-refurbished-stock.com\/product\/apple-iphone-12-pro-max\/"},"modified":"2025-01-20T00:02:49","modified_gmt":"2025-01-20T00:02:49","slug":"apple-iphone-12-pro-max","status":"publish","type":"product","link":"https:\/\/hk-refurbished-stock.com\/es\/product\/apple-iphone-12-pro-max\/","title":{"rendered":"Apple iPhone 12 Pro Max Reacondicionado"},"content":{"rendered":"<h2 data-pm-slice=\"1 1 []\"><strong>Especificaciones del renovado iPhone 12 Pro Max<\/strong><\/h2>\n<p>\u00a1Reduce tu huella de carbono y tus residuos electr\u00f3nicos con un Apple iPhone 12 Pro Max reacondicionado de HK Refurbished Stock! Nuestra selecci\u00f3n incluye una gama de modelos de iPhone 12 Pro Max meticulosamente clasificados y totalmente probados en varios colores, todos ellos a un coste significativamente inferior al de comprar un tel\u00e9fono nuevo. Disfruta de un estado y un rendimiento de primera similares a los de un dispositivo nuevo, al tiempo que minimizas el impacto medioambiental. El dise\u00f1o del iPhone 12 Pro Max tambi\u00e9n contribuye significativamente a la experiencia del usuario, combinando estilo y tecnolog\u00eda avanzada.<\/p>\n<p>Optar por un tel\u00e9fono de segunda mano no s\u00f3lo te ahorra dinero, sino que tambi\u00e9n contribuye a reducir los residuos electr\u00f3nicos. \u00a1Opta hoy mismo por la v\u00eda ecol\u00f3gica y econ\u00f3mica explorando nuestras opciones de iPhone 12 Pro Max reacondicionado! \u00bfBuscas dispositivos iPhone 12 Pro Max reacondicionados de alta calidad a precios inmejorables? \u00a1No busques m\u00e1s en HK Refurbished Stock! Nuestro equipo se dedica a ofrecer a nuestros clientes las mejores ofertas en una amplia gama de productos, incluidos los \u00faltimos smartphones de las mejores marcas, como Apple.<\/p>\n<p>El iPhone 12 Pro Max es un dispositivo de gama alta, con una gran pantalla de 6,7 pulgadas, 3 c\u00e1maras de 12 MP y un chip A14 Bionic con 6 GB de memoria. Est\u00e1 disponible en plata, oro, azul y grafito, y pesa 228 gramos con unas dimensiones de 160,8 x 78,1 x 7,4 mm. Cuenta con una pantalla OLED Super Retina XDR que cumple los est\u00e1ndares HDR10 y Dolby Vision y una bater\u00eda de iones de litio de 3687 mAh.<\/p>\n<p>En HK Refurbished Stock, ofrecemos una cuidada selecci\u00f3n de dispositivos iPhone 12 Pro Max reacondicionados, todos ellos respaldados por una amplia garant\u00eda. As\u00ed que si est\u00e1s buscando <strong><a href=\"https:\/\/hk-refurbished-stock.com\/es\/iphones-al-por-mayor\/\" target=\"_blank\" rel=\"noopener noreferrer\">iPhone al por mayor<\/a><\/strong> echa un vistazo a HK Refurbished Stock para conseguir ofertas inmejorables en productos de la m\u00e1xima calidad. Ponte en contacto con nosotros hoy mismo para saber c\u00f3mo podemos ser tu proveedor de dispositivos iPhone 12 Pro Max reacondicionados.<\/p>\n<p>\u00bfPor qu\u00e9 esperar? Haz la mejor elecci\u00f3n hoy a\u00f1adiendo un iPhone 12 Pro Max reacondicionado a tu carrito y contribuye a la sostenibilidad y el ahorro econ\u00f3mico.<\/p>\n<h2><strong>Caracter\u00edsticas del iPhone 12 Pro Max<\/strong><\/h2>\n<p>El iPhone 12 Pro Max es un dispositivo de alta gama que ofrece una experiencia de usuario excepcional gracias a sus caracter\u00edsticas avanzadas. A continuaci\u00f3n, se presentan algunas de las caracter\u00edsticas m\u00e1s destacadas del iPhone 12 Pro Max:<\/p>\n<h3><strong>Procesador Bionic<\/strong><\/h3>\n<p>El iPhone 12 Pro Max cuenta con el procesador A14 Bionic, que ofrece un rendimiento r\u00e1pido y eficiente. Este procesador es capaz de manejar tareas complejas con facilidad, lo que lo convierte en una excelente opci\u00f3n para aquellos que buscan un dispositivo que pueda mantener el ritmo de su estilo de vida activo. Gracias a su arquitectura de 5 nan\u00f3metros, el A14 Bionic no solo mejora la velocidad, sino que tambi\u00e9n optimiza el consumo de energ\u00eda, prolongando la duraci\u00f3n de la bater\u00eda del dispositivo. Ya sea para juegos, edici\u00f3n de video o multitarea, el iPhone 12 Pro Max garantiza una experiencia fluida y sin interrupciones.<\/p>\n<h3><strong>Tecnolog\u00eda LIDAR<\/strong><\/h3>\n<p>La tecnolog\u00eda LIDAR (Light Detection and Ranging) es una caracter\u00edstica innovadora que se encuentra en el iPhone 12 Pro Max. Esta tecnolog\u00eda utiliza la luz para medir la distancia y crear mapas 3D del entorno, lo que permite una experiencia de realidad aumentada y realidad virtual m\u00e1s inmersiva. Con LIDAR, las aplicaciones de AR pueden colocar objetos virtuales en el mundo real con una precisi\u00f3n sin precedentes, mejorando la interactividad y la funcionalidad. Adem\u00e1s, esta tecnolog\u00eda mejora el enfoque autom\u00e1tico en condiciones de poca luz, lo que resulta en fotos y videos m\u00e1s n\u00edtidos y detallados.<\/p>\n<h3><strong>Protecci\u00f3n Ceramic Shield<\/strong><\/h3>\n<p>El iPhone 12 Pro Max cuenta con la protecci\u00f3n Ceramic Shield, que ofrece una capa adicional de protecci\u00f3n contra ca\u00eddas y golpes. Esta tecnolog\u00eda utiliza un material cer\u00e1mico que es m\u00e1s resistente que el vidrio tradicional, lo que reduce el riesgo de da\u00f1os en la pantalla. Apple ha integrado cristales de nanocer\u00e1mica en la matriz de vidrio, lo que proporciona una durabilidad cuatro veces mayor en comparaci\u00f3n con los modelos anteriores. Esta innovaci\u00f3n asegura que tu dispositivo est\u00e9 mejor protegido contra los accidentes cotidianos, manteniendo la pantalla intacta y funcional por m\u00e1s tiempo.<\/p>\n<h2><strong>Apple iPhone 12 Pro Max Especificaciones t\u00e9cnicas<\/strong><\/h2>\n<ul>\n<li><strong>Conectividad 5G mejorada:<\/strong> Experimenta el poder transformador del 5G en el iPhone 12 Pro Max, que ofrece velocidades inal\u00e1mbricas aceleradas y un rendimiento mejorado, incluso en redes congestionadas. Con el mayor n\u00famero de bandas 5G de cualquier smartphone, disfruta de una conectividad perfecta en m\u00e1s lugares. Descarga archivos de gran tama\u00f1o y transmite pel\u00edculas HDR de alta calidad sobre la marcha sin retrasos.<\/li>\n<li><strong>Tecnolog\u00eda LiDAR de vanguardia:<\/strong> Inspirado en el aterrizaje de la NASA en Marte, el iPhone 12 Pro Max incorpora tecnolog\u00eda LiDAR para crear mapas de profundidad de tu entorno con una velocidad y precisi\u00f3n excepcionales. Explora aplicaciones de realidad aumentada (RA) que pueden transformar tu espacio en una selva tropical realista o ayudarte a visualizar nuevos muebles.<\/li>\n<li><strong>Sistema de c\u00e1mara avanzado:<\/strong> pantalla de 6,7 pulgadas a 1284 x 2778 p\u00edxeles. Maximiza tu experiencia fotogr\u00e1fica con el sistema de c\u00e1mara Pro del iPhone 12 Pro Max. Benef\u00edciate de un sensor un 47% m\u00e1s grande y p\u00edxeles m\u00e1s grandes en la c\u00e1mara Gran angular, lo que garantiza un rendimiento superior con poca luz. La nueva tecnolog\u00eda de Estabilizaci\u00f3n \u00d3ptica de la Imagen (OIS), captura tomas estables incluso en movimiento. Ac\u00e9rcate m\u00e1s a los retratos con la nueva c\u00e1mara Teleobjetivo de 65 mm. Adem\u00e1s, s\u00e9 el primero en grabar en Dolby Vision, capturando v\u00eddeo realista con 700 millones de colores para una experiencia visual envolvente.<\/li>\n<li><strong>Integraci\u00f3n de accesorios MagSafe:<\/strong> Disfruta de una compatibilidad sin fisuras con los accesorios MagSafe, lo que garantiza un acoplamiento sin esfuerzo de fundas y carteras. Ten la seguridad de que la cartera MagSafe est\u00e1 blindada para proteger tus tarjetas de cr\u00e9dito.<\/li>\n<li><strong>Carga turbo y accesos directos de iOS 14:<\/strong> Experimenta una carga inal\u00e1mbrica m\u00e1s r\u00e1pida con una alineaci\u00f3n perfecta del im\u00e1n en todo momento. Sum\u00e9rgete en iOS 14, con accesos directos que te ofrecen exactamente lo que necesitas, justo cuando lo necesitas. Chip Apple A14 Bionic con 6 GB de memoria.<\/li>\n<li><strong>Duraci\u00f3n de la bater\u00eda: <\/strong>Disfruta de una duraci\u00f3n excepcional de la bater\u00eda en el iPhone 12 Pro Max, para mantenerte conectado y productivo durante todo el d\u00eda. Gracias a las funciones avanzadas de optimizaci\u00f3n de la bater\u00eda, puedes disfrutar de un mayor tiempo de uso para llamadas, navegaci\u00f3n, streaming y mucho m\u00e1s sin preocuparte constantemente de recargarlo. Tanto si te enfrentas a tareas de trabajo, como si transmites tus contenidos favoritos o exploras las \u00faltimas aplicaciones, la duraci\u00f3n de la bater\u00eda del iPhone 12 Pro Max sigue el ritmo de tu ajetreado estilo de vida. Ten la seguridad de que el dispositivo est\u00e1 dise\u00f1ado para soportar el uso diario y es resistente a percances comunes como da\u00f1os por l\u00edquidos, lo que garantiza un rendimiento fiable en diversas condiciones. Di adi\u00f3s a las cargas frecuentes y disfruta de la comodidad de un dispositivo que dura tanto como t\u00fa.<\/li>\n<li><strong>Protector de pantalla:<\/strong> Protege tu dispositivo con un protector de pantalla compatible.<\/li>\n<li><strong>Modo Noche:<\/strong> Capta fotos asombrosas en condiciones de poca luz con el Modo Noche.<\/li>\n<li><strong>C\u00e1maras telefoto:<\/strong> Utiliza las c\u00e1maras telefoto avanzadas para conseguir una capacidad de zoom excepcional.<\/li>\n<li><strong>Face ID:<\/strong> desbloquea de forma segura tu dispositivo y autentica con Face ID.<\/li>\n<li><strong>Fusi\u00f3n Profunda:<\/strong> Benef\u00edciate de la tecnolog\u00eda de Fusi\u00f3n Profunda para un procesamiento detallado de las im\u00e1genes.<\/li>\n<li><strong>Buen estado:<\/strong> Ten por seguro que tu iPhone 12 Pro Max est\u00e1 en buen estado y listo para ofrecer un rendimiento de primera.<\/li>\n<\/ul>\n<h2><strong>Modelos y capacidades disponibles<\/strong><\/h2>\n<p>El iPhone 12 Pro Max est\u00e1 disponible en diferentes modelos y capacidades, lo que permite a los clientes elegir el que mejor se adapte a sus necesidades. A continuaci\u00f3n, se presentan algunos de los modelos y capacidades disponibles:<\/p>\n<h3><strong>iPhone 12 Pro Max 128 GB<\/strong><\/h3>\n<p>El iPhone 12 Pro Max 128 GB es una excelente opci\u00f3n para aquellos que buscan un dispositivo con una capacidad de almacenamiento decente. Con 128 GB de almacenamiento, este modelo es ideal para almacenar aplicaciones, fotos, videos y m\u00fasica. Adem\u00e1s, el iPhone 12 Pro Max 128 GB cuenta con todas las caracter\u00edsticas avanzadas que se mencionaron anteriormente, lo que lo convierte en una excelente opci\u00f3n para aquellos que buscan un dispositivo de alta gama. Este modelo ofrece un equilibrio perfecto entre capacidad y precio, asegurando que tengas suficiente espacio para tus necesidades diarias sin comprometer el rendimiento o la funcionalidad del dispositivo.<\/p>\n<h2><strong>Tenemos en stock iPhone 12 Pro Max usado en todos los colores disponibles<\/strong><\/h2>\n<p>HK Refurbished Stock es tu destino para dispositivos iPhone 12 Pro Max reacondicionados de alta calidad en todos los colores. Ofrecemos una amplia gama de productos, como modelos plateados, dorados, azules y grafito, para que encuentres el color perfecto para tus clientes.<\/p>\n<h2><strong>Dispositivos iPhone 12 Pro Max desbloqueados al por mayor<\/strong><\/h2>\n<p>Adem\u00e1s de nuestra amplia selecci\u00f3n de colores, HK Refurbished Stock tambi\u00e9n ofrece dispositivos iPhone 12 Pro Max desbloqueados. Los tel\u00e9fonos desbloqueados se pueden utilizar con cualquier red nada m\u00e1s sacarlos de la caja, incluidas las redes extranjeras. Ofrecemos una gama de categor\u00edas graduadas que se ajustan a tus necesidades, para que puedas encontrar el tel\u00e9fono perfecto que se adapte a tu presupuesto y a tus requisitos de uso. Como proveedor l\u00edder de dispositivos iPhone 12 Pro Max reacondicionados, en HK Refurbished Stock nos dedicamos a ofrecer a nuestros clientes las mejores ofertas en productos de la m\u00e1xima calidad. Ponte en contacto con nosotros hoy mismo para saber c\u00f3mo podemos ser tu proveedor de dispositivos iPhone 12 Pro Max reacondicionados.<\/p>\n<p>Suscr\u00edbete a nuestro bolet\u00edn informativo para recibir las \u00faltimas novedades en tecnolog\u00eda, junto con ofertas especiales y promociones exclusivas.<\/p>\n<h2><strong>Qu\u00e9 ofrecemos a nuestros clientes<\/strong><\/h2>\n<p><strong>Env\u00edos internacionales:<\/strong> HK Refurbished Stock suministra dispositivos reacondicionados de alta calidad al Reino Unido, Pa\u00edses Bajos, Italia, Alemania y Francia, ofreciendo env\u00edo gratis para los dispositivos iPhone 12 Pro Max reacondicionados.<\/p>\n<p><strong>Inventario constante:<\/strong> Nuestra amplia cadena de suministro nos permite suministrar constantemente una amplia gama de productos, incluido el Apple iPhone 12 Pro Max.<\/p>\n<p><strong>Garant\u00eda especial:<\/strong> Tambi\u00e9n ofrecemos una garant\u00eda excepcional de 3 meses o 12 meses en nuestros dispositivos iPhone 12 Pro Max para ayudar a nuestros socios en situaciones desafortunadas.<\/p>\n<p><strong>Clasificaci\u00f3n precisa:<\/strong> Nuestra minuciosa clasificaci\u00f3n garantiza que todos nuestros dispositivos Apple iPhone 12 Pro Max sean de alta calidad y est\u00e9n totalmente probados, como los dispositivos reacondicionados certificados por Apple.<\/p>\n<h2><strong>Compra con Criptomoneda<\/strong><\/h2>\n<p>Desbloquea la comodidad de los pagos con criptomonedas al comprar tu <a href=\"https:\/\/www.hk-refurbished-stock.com\/es\/product\/apple-iphone-12\/\" target=\"_blank\" rel=\"noopener noreferrer\">Apple iPhone 12<\/a> Pro Max reacondicionado. Estamos orgullosos de aceptar una amplia gama de criptomonedas, como Bitcoin, Ethereum y Monero, lo que te proporciona una opci\u00f3n de pago flexible y segura a la vez que adquieres un smartphone de primer nivel. Aprovecha los descuentos especiales en pedidos al por mayor de cinco o m\u00e1s dispositivos <a href=\"https:\/\/www.hk-refurbished-stock.com\/es\/product\/apple-iphone-12-pro\/\" target=\"_blank\" rel=\"noopener noreferrer\">iPhone 12 Pro<\/a> Max reacondicionados.<\/p>\n<p>Tanto si est\u00e1s actualizando la tecnolog\u00eda de tu empresa como reponiendo tu inventario, nuestros descuentos por volumen garantizan la rentabilidad sin sacrificar las excepcionales prestaciones de este modelo de iPhone premium. No dejes pasar esta oportunidad de poseer un tel\u00e9fono reacondicionado a un precio inmejorable, todo ello mientras disfrutas de importantes ahorros y de la comodidad de los pagos en criptomoneda. Act\u00faa ahora y eleva tu experiencia m\u00f3vil sin comprometer la calidad ni la asequibilidad.<\/p>\n","protected":false},"excerpt":{"rendered":"<p>Especificaciones del renovado iPhone 12 Pro Max \u00a1Reduce tu huella de carbono y tus residuos electr\u00f3nicos con un Apple iPhone 12 Pro Max reacondicionado de HK Refurbished Stock! Nuestra selecci\u00f3n incluye una gama de modelos de iPhone 12 Pro Max meticulosamente clasificados y totalmente probados en varios colores, todos ellos a un coste significativamente inferior [&hellip;]<\/p>\n","protected":false},"featured_media":56380,"comment_status":"open","ping_status":"closed","template":"","meta":{"_acf_changed":false,"om_disable_all_campaigns":false,"_monsterinsights_skip_tracking":false,"_monsterinsights_sitenote_active":false,"_monsterinsights_sitenote_note":"","_monsterinsights_sitenote_category":0},"product_brand":[],"product_cat":[234,259],"product_tag":[],"class_list":{"0":"post-56881","1":"product","2":"type-product","3":"status-publish","4":"has-post-thumbnail","6":"product_cat-apple","7":"product_cat-iphone-12-pro-max-es","9":"first","10":"instock","11":"shipping-taxable","12":"purchasable","13":"product-type-variable","14":"has-default-attributes"},"acf":[],"aioseo_notices":[],"_links":{"self":[{"href":"https:\/\/hk-refurbished-stock.com\/es\/wp-json\/wp\/v2\/product\/56881","targetHints":{"allow":["GET"]}}],"collection":[{"href":"https:\/\/hk-refurbished-stock.com\/es\/wp-json\/wp\/v2\/product"}],"about":[{"href":"https:\/\/hk-refurbished-stock.com\/es\/wp-json\/wp\/v2\/types\/product"}],"replies":[{"embeddable":true,"href":"https:\/\/hk-refurbished-stock.com\/es\/wp-json\/wp\/v2\/comments?post=56881"}],"version-history":[{"count":4,"href":"https:\/\/hk-refurbished-stock.com\/es\/wp-json\/wp\/v2\/product\/56881\/revisions"}],"predecessor-version":[{"id":58344,"href":"https:\/\/hk-refurbished-stock.com\/es\/wp-json\/wp\/v2\/product\/56881\/revisions\/58344"}],"wp:featuredmedia":[{"embeddable":true,"href":"https:\/\/hk-refurbished-stock.com\/es\/wp-json\/wp\/v2\/media\/56380"}],"wp:attachment":[{"href":"https:\/\/hk-refurbished-stock.com\/es\/wp-json\/wp\/v2\/media?parent=56881"}],"wp:term":[{"taxonomy":"product_brand","embeddable":true,"href":"https:\/\/hk-refurbished-stock.com\/es\/wp-json\/wp\/v2\/product_brand?post=56881"},{"taxonomy":"product_cat","embeddable":true,"href":"https:\/\/hk-refurbished-stock.com\/es\/wp-json\/wp\/v2\/product_cat?post=56881"},{"taxonomy":"product_tag","embeddable":true,"href":"https:\/\/hk-refurbished-stock.com\/es\/wp-json\/wp\/v2\/product_tag?post=56881"}],"curies":[{"name":"wp","href":"https:\/\/api.w.org\/{rel}","templated":true}]}}