{"id":56485,"date":"2023-11-23T03:52:21","date_gmt":"2023-11-23T03:52:21","guid":{"rendered":"https:\/\/hk-refurbished-stock.com\/product\/apple-iphone-14-pro\/"},"modified":"2025-01-20T00:02:49","modified_gmt":"2025-01-20T00:02:49","slug":"apple-iphone-14-pro","status":"publish","type":"product","link":"https:\/\/hk-refurbished-stock.com\/es\/product\/apple-iphone-14-pro\/","title":{"rendered":"Apple iPhone 14 Pro Reacondicionado"},"content":{"rendered":"<h2 data-pm-slice=\"1 1 []\"><strong>Descubre el brillo mejorado del iPhone 14 Pro renovado<\/strong><\/h2>\n<p>Refuerza tu compromiso con la sostenibilidad y la protecci\u00f3n del medio ambiente eligiendo un iPhone 14 Pro de Apple meticulosamente restaurado de HK Refurbished Stock. Nuestra amplia selecci\u00f3n incluye una variada gama de modelos de iPhone 14 Pro calificados por expertos y sometidos a pruebas rigurosas en una gran variedad de acabados asombrosos, todos ellos ofrecidos a un coste significativamente reducido en comparaci\u00f3n con los dispositivos nuevos.<\/p>\n<p>Con nuestros <a href=\"https:\/\/hk-refurbished-stock.com\/es\/iphones-al-por-mayor\/\" target=\"_blank\" rel=\"noopener noreferrer\"><strong>productos reacondicionados<\/strong><\/a>, disfrutar\u00e1s de un estado y un rendimiento de primer nivel, similares a los de un dispositivo nuevo, al tiempo que reduces activamente los residuos electr\u00f3nicos. Optar por un tel\u00e9fono de segunda mano no s\u00f3lo te ahorra dinero, sino que tambi\u00e9n contribuye positivamente a la preservaci\u00f3n del medio ambiente al minimizar tu huella de carbono. Explora hoy mismo nuestro surtido de opciones de iPhone 14 Pro reacondicionado y emb\u00e1rcate en un viaje hacia el ahorro econ\u00f3mico y la responsabilidad medioambiental. Adem\u00e1s de los iPhones, tambi\u00e9n se pueden encontrar dispositivos reacondicionados de otras marcas como Samsung.<\/p>\n<p>Ahorra dinero a la vez que tomas una decisi\u00f3n respetuosa con el medio ambiente invirtiendo en nuestros tel\u00e9fonos reacondicionados, que ofrecen la mejor calidad a una fracci\u00f3n del coste de un tel\u00e9fono nuevo. Todos los dispositivos son totalmente funcionales y est\u00e1n en perfecto estado, para que puedas sacar el m\u00e1ximo partido a tu compra. Con nuestro riguroso proceso de pruebas y clasificaci\u00f3n, puedes confiar en que tu iPhone 14 Pro reacondicionado de HK Refurbished Stock cumplir\u00e1 tus expectativas de rendimiento y fiabilidad.<\/p>\n<p>Cambiar a un iPhone 14 Pro de Apple reacondicionado de HK Refurbished Stock te permite adoptar opciones ecol\u00f3gicas a la vez que te das el gusto de disfrutar de los \u00faltimos avances tecnol\u00f3gicos. En comparaci\u00f3n con la compra de un iPhone nuevo, optar por un iPhone 14 Pro de segunda mano permite ahorrar costes significativos sin comprometer la calidad ni el rendimiento. Cuando elijas nuestro producto reacondicionado, espera un rendimiento y una fiabilidad inigualables, similares a los de un iPhone nuevo, todo ello mientras contribuyes a preservar el planeta.<\/p>\n<p>Consigue un impacto significativo en la reducci\u00f3n de residuos electr\u00f3nicos al tiempo que cosechas los beneficios del ahorro econ\u00f3mico. \u00danete a nosotros hoy mismo y adopta la responsabilidad medioambiental a la vez que actualizas tu dispositivo m\u00f3vil.<\/p>\n<h2><strong>Experimenta un rendimiento inigualable con el Apple iPhone 14 Pro<\/strong><\/h2>\n<p>En oto\u00f1o de 2023, Apple present\u00f3 su revolucionario iPhone 14 Pro, estableciendo una nueva referencia de excelencia en la industria de los smartphones. Posicionado como el pin\u00e1culo de la serie iPhone de Apple, el iPhone 14 Pro combina a la perfecci\u00f3n un rendimiento excepcional con una asequibilidad sin igual.<\/p>\n<p>Aunque no tenga el teleobjetivo ni la frecuencia de refresco de 120 Hz del iPhone 14 Pro Max, su chip Apple A16 Bionic de \u00faltima generaci\u00f3n ofrece una potencia inigualable, que supera incluso a la del iPhone SE. Con un avanzado sistema de triple c\u00e1mara con objetivos ultra gran angular, gran angular y teleobjetivo de 12 megap\u00edxeles, junto a una impresionante c\u00e1mara frontal de 12 megap\u00edxeles, el Apple iPhone 14 Pro ofrece una impresionante pantalla Super Retina XDR de 6,5 pulgadas.<\/p>\n<p>Este dispositivo integra a la perfecci\u00f3n un dise\u00f1o elegante con una funcionalidad sin igual. La isla din\u00e1mica mejora la interacci\u00f3n del usuario, permitiendo una visualizaci\u00f3n m\u00e1gica y fluida de las notificaciones. Con capacidades de grabaci\u00f3n de v\u00eddeo HDR e impulsado por iOS 16 y el revolucionario procesador A16 Bionic, el Apple iPhone 14 Pro destaca como una opci\u00f3n de smartphone excepcional y vers\u00e1til.<\/p>\n<p>Generando una demanda significativa en el mercado mayorista, la CPU A16 del Apple iPhone 14 Pro establece nuevos puntos de referencia, superando a cualquier competidor Android y manejando sin esfuerzo aplicaciones gr\u00e1ficas exigentes como juegos m\u00f3viles y edici\u00f3n de v\u00eddeo. El nuevo notch se integra con las notificaciones a trav\u00e9s de la isla din\u00e1mica, mejorando la interacci\u00f3n del usuario con el dispositivo. Adem\u00e1s, el notch facilita la visualizaci\u00f3n de las notificaciones, integr\u00e1ndose de manera efectiva con la pantalla OLED del iPhone.<\/p>\n<p>Puedes estar seguro de que cada iPhone 14 Pro de HK Refurbished Stock se somete a una inspecci\u00f3n y un mantenimiento exhaustivos para garantizar su buen estado. Adem\u00e1s, nuestros dispositivos est\u00e1n protegidos por un escudo cer\u00e1mico para minimizar el riesgo de da\u00f1os accidentales, proporcion\u00e1ndote tranquilidad y longevidad a tu inversi\u00f3n.<\/p>\n<h2><strong>Especificaciones t\u00e9cnicas del Apple iPhone 14 Pro<\/strong><\/h2>\n<h3><strong>Pantalla y dise\u00f1o<\/strong><\/h3>\n<p>Sum\u00e9rgete en una pantalla Super Retina XDR superbrillante y ultracolorida con un alto contraste y una resoluci\u00f3n asombrosa. La pantalla OLED todo en uno de 6,5 pulgadas ofrece una vibrante resoluci\u00f3n de 2778 por 1284 p\u00edxeles a 458 ppp, lo que garantiza una experiencia visual cautivadora. Adem\u00e1s, disfruta de la comodidad de la funci\u00f3n Always On Display, que proporciona acceso r\u00e1pido a la informaci\u00f3n esencial de un vistazo. Con el \u00faltimo sistema operativo iOS, el Apple iPhone 14 Pro ofrece un rendimiento fluido y una experiencia de usuario intuitiva, mejorando tu interacci\u00f3n general con el dispositivo. La pantalla OLED tambi\u00e9n facilita la visualizaci\u00f3n de notificaciones de manera eficiente.<\/p>\n<h3><strong>Tecnolog\u00eda ProMotion<\/strong><\/h3>\n<p>Eleva tu experiencia con la innovadora tecnolog\u00eda ProMotion de Apple, que ofrece un desplazamiento suave e interacciones fluidas, mejorando todos los aspectos de tu uso.<\/p>\n<h3><strong>Sistema de c\u00e1mara triple de 12 MP<\/strong><\/h3>\n<p>Captura fotos y v\u00eddeos impresionantes con el avanzado sistema de c\u00e1mara triple de 12 megap\u00edxeles, que incluye ProRAW, grabaci\u00f3n de v\u00eddeo ProRes y modo Noche mejorado para obtener resultados asombrosos en cualquier condici\u00f3n de iluminaci\u00f3n.<\/p>\n<h3><strong>Duraci\u00f3n excepcional de la bater\u00eda<\/strong><\/h3>\n<p>Disfruta de una mayor duraci\u00f3n de la bater\u00eda con la eficiencia energ\u00e9tica optimizada del Apple iPhone 14 Pro, que te proporciona m\u00e1s tiempo para hacer streaming, jugar y todas tus actividades favoritas. Con su avanzado sistema de monitorizaci\u00f3n de la salud de la bater\u00eda, puedes seguir y mantener la salud de la bater\u00eda de tu dispositivo para un rendimiento a largo plazo. Adem\u00e1s, disfruta de la comodidad de la carga r\u00e1pida, que te permite encender r\u00e1pidamente tu iPhone 14 Pro y volver a lo que te gusta sin largos tiempos de inactividad.<\/p>\n<h3><strong>Chip A16 Bionic<\/strong><\/h3>\n<p>Disfruta de un rendimiento ultrarr\u00e1pido y una eficiencia energ\u00e9tica mejorada con el chip A16 Bionic, que permite una multitarea fluida, juegos con gr\u00e1ficos intensos y funciones avanzadas de c\u00e1mara.<\/p>\n<h3><strong>Conectividad 5G<\/strong><\/h3>\n<p>Mantente conectado con velocidades 5G ultrarr\u00e1pidas, perfectas para juegos multijugador, streaming de alta calidad y mucho m\u00e1s. El modo Smart Data ayuda a conservar la bater\u00eda cuando no se necesita la m\u00e1xima velocidad.<\/p>\n<h3><strong>Seguridad y conectividad<\/strong><\/h3>\n<p>Benef\u00edciate de Face ID para un desbloqueo seguro, compras con Apple Pay y Wi-Fi 6E para descargas r\u00e1pidas y streaming de alta calidad. Mantente conectado con tus seres queridos mediante videollamadas de alta calidad a trav\u00e9s de Wi-Fi o datos m\u00f3viles. Adem\u00e1s, el Apple iPhone 14 Pro cuenta con funciones avanzadas de tarjeta SIM, que proporcionan conectividad y acceso a la red sin problemas para tus necesidades de comunicaci\u00f3n. Tanto si est\u00e1s de viaje como en casa, disfruta de una conectividad fiable y una mayor seguridad con la funcionalidad de tarjeta SIM del iPhone 14 Pro.<\/p>\n<h2>Ventajas de comprar un iPhone 14 Pro reacondicionado<\/h2>\n<p>Comprar un iPhone 14 Pro reacondicionado puede ser una excelente opci\u00f3n para aquellos que buscan un dispositivo de alta calidad a un precio m\u00e1s asequible. A continuaci\u00f3n, se presentan algunas de las ventajas de comprar un iPhone 14 Pro reacondicionado:<\/p>\n<h3>Ahorro de dinero<\/h3>\n<p>Uno de los principales beneficios de comprar un iPhone 14 Pro reacondicionado es el ahorro de dinero. Los dispositivos reacondicionados suelen tener un precio significativamente m\u00e1s bajo que los nuevos, lo que los hace m\u00e1s accesibles para aquellos que no pueden permitirse el lujo de comprar un dispositivo nuevo. Al optar por un iPhone 14 Pro reacondicionado, puedes disfrutar de las mismas caracter\u00edsticas avanzadas y el rendimiento excepcional del iPhone 14, pero a una fracci\u00f3n del costo. Esto te permite obtener un dispositivo de alta gama sin comprometer tu presupuesto.<\/p>\n<h3>Menor impacto ambiental<\/h3>\n<p>Comprar un iPhone 14 Pro reacondicionado tambi\u00e9n puede ser una opci\u00f3n m\u00e1s sostenible para el medio ambiente. Al reutilizar un dispositivo existente, se reduce la necesidad de producir nuevos dispositivos, lo que puede ayudar a reducir la cantidad de residuos electr\u00f3nicos y minimizar el impacto ambiental de la producci\u00f3n de dispositivos electr\u00f3nicos. Al elegir un iPhone 14 Pro reacondicionado, est\u00e1s contribuyendo activamente a la reducci\u00f3n de la huella de carbono y promoviendo pr\u00e1cticas m\u00e1s ecol\u00f3gicas. Es una manera efectiva de disfrutar de la tecnolog\u00eda de vanguardia mientras cuidas del planeta.<\/p>\n<h3>Garant\u00eda de calidad<\/h3>\n<p>Aunque los dispositivos reacondicionados pueden haber sido utilizados anteriormente, muchos de ellos vienen con una garant\u00eda de calidad que puede proporcionar tranquilidad a los compradores. Esto significa que si el dispositivo tiene alg\u00fan problema, el vendedor puede estar obligado a repararlo o reemplazarlo. En HK Refurbished Stock, todos nuestros iPhone 14 Pro reacondicionados pasan por rigurosos controles de calidad y pruebas exhaustivas para asegurar que cumplen con los m\u00e1s altos est\u00e1ndares de rendimiento y fiabilidad. Adem\u00e1s, ofrecemos garant\u00edas de 3 o 12 meses en todos nuestros dispositivos, brind\u00e1ndote la confianza de que tu inversi\u00f3n est\u00e1 protegida.<\/p>\n<h2>Calificaci\u00f3n y condici\u00f3n del iPhone 14 Pro<\/h2>\n<p>La calificaci\u00f3n y condici\u00f3n de un iPhone 14 Pro reacondicionado pueden variar dependiendo del vendedor y del estado del dispositivo. A continuaci\u00f3n, se presentan algunos detalles sobre la calificaci\u00f3n y condici\u00f3n de un iPhone 14 Pro reacondicionado:<\/p>\n<p>En HK Refurbished Stock, nos enorgullecemos de ofrecer dispositivos iPhone 14 Pro reacondicionados que han sido meticulosamente inspeccionados y clasificados para garantizar su calidad y funcionalidad. Nuestros dispositivos se clasifican en diferentes niveles seg\u00fan su condici\u00f3n est\u00e9tica y operativa, lo que te permite elegir el que mejor se adapte a tus necesidades y presupuesto.<\/p>\n<h2><strong>Encuentra tu iPhone 14 Pro reparado perfecto en HK Refurbished Stock<\/strong><\/h2>\n<p>En HK Refurbished Stock, ofrecemos una amplia gama de dispositivos Apple iPhone 14 Pro reacondicionados meticulosamente en todos los acabados disponibles, como grafito, oro, negro espacial, plata y azul Sierra. Nuestros dispositivos iPhone 14 Pro desbloqueados proporcionan la flexibilidad de utilizar cualquier operador compatible, nada m\u00e1s sacarlos de la caja, ofreciendo una libertad y comodidad sin igual. Adem\u00e1s, los dispositivos se clasifican en diferentes tipos, como el tipo &#8216;A&#8217;, seg\u00fan su condici\u00f3n est\u00e9tica y operativa.<\/p>\n<p>Estamos orgullosos de nuestro inventario constante, que garantiza un suministro constante de dispositivos iPhone 14 Pro renovados de la mejor calidad para satisfacer tus necesidades. Adem\u00e1s, proporcionamos una garant\u00eda excepcional de 3 o 12 meses en todos los dispositivos Apple iPhone 14 Pro, ofreciendo tranquilidad y apoyo en cualquier situaci\u00f3n desafortunada. Puedes estar seguro de que tu satisfacci\u00f3n est\u00e1 garantizada con nuestro compromiso de ofrecer productos fiables y un servicio de atenci\u00f3n al cliente excepcional.<\/p>\n<p>Respaldamos todos los dispositivos que vendemos, asegur\u00e1ndonos de que recibes el mejor valor y asistencia durante toda tu experiencia de propiedad. Gracias a nuestro preciso proceso de clasificaci\u00f3n y a nuestras exhaustivas pruebas, puedes confiar en que todos los Apple iPhone 14 Pro de HK Refurbished Stock cumplen los m\u00e1s altos est\u00e1ndares de calidad y rendimiento, similares a los de los dispositivos reacondicionados certificados por Apple.<\/p>\n<p>En HK Refurbished Stock, entendemos la importancia de la flexibilidad y la comodidad a la hora de elegir tus proveedores de red, por eso nuestros dispositivos iPhone 14 Pro desbloqueados te permiten cambiar sin problemas entre operadores compatibles sin ninguna molestia. Adem\u00e1s, para mejorar tu experiencia m\u00f3vil, ofrecemos una gama de accesorios para tu iPhone 14 Pro reacondicionado, como fundas, cargadores y protectores de pantalla, para que tengas todo lo que necesitas nada m\u00e1s sacarlo de la caja.<\/p>\n<p>Tanto si buscas un acabado espec\u00edfico como si necesitas un dispositivo listo para usar con tu proveedor de red preferido, nuestro amplio inventario de dispositivos iPhone 14 Pro reacondicionados y meticulosamente clasificados te cubre. Adem\u00e1s, nuestro meticuloso proceso de clasificaci\u00f3n garantiza que cualquier ara\u00f1azo leve en el dispositivo sea m\u00ednimo y discreto, garantizando que tu iPhone 14 Pro reacondicionado permanezca en excelentes condiciones est\u00e9ticas a la vez que es totalmente funcional. Cada dispositivo se somete a pruebas exhaustivas para garantizar que es totalmente funcional y est\u00e1 listo para su uso, y proporcionamos una herramienta de extracci\u00f3n de la sim y una caja gen\u00e9rica para tu comodidad.<\/p>\n<p>Adem\u00e1s, cada dispositivo viene con un cable de carga, para que puedas empezar a utilizar tu iPhone 14 Pro reacondicionado de inmediato sin ninguna compra adicional. Adem\u00e1s, comprendemos la importancia de la presentaci\u00f3n, por lo que nos esforzamos en ofrecer a nuestros clientes la mejor experiencia posible. Por eso, cada iPhone 14 Pro reacondicionado se embala cuidadosamente como su embalaje original.<\/p>\n<h2><strong>Desbloquea ahorros exclusivos: Pago en Criptomoneda<\/strong><\/h2>\n<p>Experimenta la comodidad de las transacciones con criptomonedas al adquirir tu Apple iPhone 14 Pro reacondicionado. Aceptamos una amplia gama de criptomonedas, como Bitcoin, Ethereum y Monero, lo que proporciona flexibilidad y seguridad en tus opciones de pago. Para pedidos grandes, ofrecemos descuentos especiales en compras de cinco o m\u00e1s dispositivos iPhone 14 Pro reacondicionados, lo que hace a\u00fan m\u00e1s rentable disfrutar de las excepcionales prestaciones de este smartphone de primera calidad.<\/p>\n<p>Tanto si est\u00e1s equipando tu empresa con tecnolog\u00eda de vanguardia como reponiendo tu inventario, nuestros descuentos por volumen hacen que sea m\u00e1s f\u00e1cil que nunca acceder a smartphones de primera calidad a precios inmejorables. Aprovecha esta oportunidad de tener un <a href=\"https:\/\/hk-refurbished-stock.com\/es\/product\/apple-iphone-14\/\" target=\"_blank\" rel=\"noopener noreferrer\"><strong>iPhone 14<\/strong><\/a> Pro 128 GB reacondicionado a un precio excelente, mientras disfrutas de importantes ahorros y de la comodidad de los pagos en criptomoneda. Compra hoy y te entregaremos tu dispositivo en excelentes condiciones, asegur\u00e1ndonos de que recibes un producto de primera calidad que cumple tus expectativas. Compra ahora y eleva tu experiencia m\u00f3vil sin comprometer la calidad ni la asequibilidad, \u00a1s\u00f3lo en HK Refurbished Stock!<\/p>\n","protected":false},"excerpt":{"rendered":"<p>Descubre el brillo mejorado del iPhone 14 Pro renovado Refuerza tu compromiso con la sostenibilidad y la protecci\u00f3n del medio ambiente eligiendo un iPhone 14 Pro de Apple meticulosamente restaurado de HK Refurbished Stock. Nuestra amplia selecci\u00f3n incluye una variada gama de modelos de iPhone 14 Pro calificados por expertos y sometidos a pruebas rigurosas [&hellip;]<\/p>\n","protected":false},"featured_media":56392,"comment_status":"open","ping_status":"closed","template":"","meta":{"_acf_changed":false},"product_brand":[],"product_cat":[234,236,235],"product_tag":[],"class_list":{"0":"post-56485","1":"product","2":"type-product","3":"status-publish","4":"has-post-thumbnail","6":"product_cat-apple","7":"product_cat-iphone-14-es","8":"product_cat-iphone-14-pro-es","10":"first","11":"instock","12":"shipping-taxable","13":"purchasable","14":"product-type-variable","15":"has-default-attributes"},"acf":[],"aioseo_notices":[],"_links":{"self":[{"href":"https:\/\/hk-refurbished-stock.com\/es\/wp-json\/wp\/v2\/product\/56485","targetHints":{"allow":["GET"]}}],"collection":[{"href":"https:\/\/hk-refurbished-stock.com\/es\/wp-json\/wp\/v2\/product"}],"about":[{"href":"https:\/\/hk-refurbished-stock.com\/es\/wp-json\/wp\/v2\/types\/product"}],"replies":[{"embeddable":true,"href":"https:\/\/hk-refurbished-stock.com\/es\/wp-json\/wp\/v2\/comments?post=56485"}],"version-history":[{"count":4,"href":"https:\/\/hk-refurbished-stock.com\/es\/wp-json\/wp\/v2\/product\/56485\/revisions"}],"predecessor-version":[{"id":58332,"href":"https:\/\/hk-refurbished-stock.com\/es\/wp-json\/wp\/v2\/product\/56485\/revisions\/58332"}],"wp:featuredmedia":[{"embeddable":true,"href":"https:\/\/hk-refurbished-stock.com\/es\/wp-json\/wp\/v2\/media\/56392"}],"wp:attachment":[{"href":"https:\/\/hk-refurbished-stock.com\/es\/wp-json\/wp\/v2\/media?parent=56485"}],"wp:term":[{"taxonomy":"product_brand","embeddable":true,"href":"https:\/\/hk-refurbished-stock.com\/es\/wp-json\/wp\/v2\/product_brand?post=56485"},{"taxonomy":"product_cat","embeddable":true,"href":"https:\/\/hk-refurbished-stock.com\/es\/wp-json\/wp\/v2\/product_cat?post=56485"},{"taxonomy":"product_tag","embeddable":true,"href":"https:\/\/hk-refurbished-stock.com\/es\/wp-json\/wp\/v2\/product_tag?post=56485"}],"curies":[{"name":"wp","href":"https:\/\/api.w.org\/{rel}","templated":true}]}}